{"id":1613,"date":"2020-12-21T22:21:10","date_gmt":"2020-12-21T22:21:10","guid":{"rendered":"https:\/\/quinoa.com.pt\/pt\/cookie-policy\/"},"modified":"2021-11-22T00:29:12","modified_gmt":"2021-11-22T00:29:12","slug":"cookie-policy","status":"publish","type":"page","link":"https:\/\/quinoa.com.pt\/pt\/cookie-policy\/","title":{"rendered":"Politica dos Cookies"},"content":{"rendered":"<p><b>Pol\u00edtica de Cookies<\/b><\/p>\n<p>O website https:\/\/quinoa.com.pt\/pt\/ (\u201cWebsite\u201d) da OBH ORGANIC BROTHERHOOD, LDA. (\u201cQuinoa Padaria Biol\u00f3gica\u201d), pessoa coletiva n\u00famero 513755861, com sede na AVENIDA DAS AMENDOEIRAS LOTE 1 E 2 RINCHOA, utiliza cookies e tecnologias semelhantes para melhorar a qualidade e experi\u00eancia de navega\u00e7\u00e3o dos utilizadores.<span class=\"Apple-converted-space\">\u00a0<\/span><\/p>\n<p>Este documento fornece informa\u00e7\u00f5es detalhadas sobre o uso de cookies e tecnologias semelhantes, os seus m\u00e9todos de gest\u00e3o e como eles s\u00e3o usados no nosso Website.<\/p>\n<p>Para obter mais informa\u00e7\u00f5es sobre cookies e a respetiva utiliza\u00e7\u00e3o, consulte <a href=\"http:\/\/www.youronlinechoices.com\/pt\/\">http:\/\/www.youronlinechoices.com\/pt\/<\/a><span class=\"Apple-converted-space\">\u00a0<\/span><\/p>\n<p><b>1. O que s\u00e3o cookies?<span class=\"Apple-converted-space\">\u00a0<\/span><\/b><\/p>\n<p>&#8220;Cookies&#8221; s\u00e3o pequenos ficheiros de texto que s\u00e3o armazenados no seu computador ou dispositivo m\u00f3vel atrav\u00e9s do navegador (browser), retendo apenas informa\u00e7\u00e3o relacionada com as suas prefer\u00eancias, n\u00e3o incluindo, como tal, os seus dados pessoais. A cada visita posterior o navegador envia esses cookies para o website que lhes deu origem ou para outro website.<\/p>\n<p><b>2. Para que servem os Cookies?<\/b><\/p>\n<p>Os cookies servem para ajudar a determinar a utilidade, interesse e o n\u00famero de utiliza\u00e7\u00f5es dos seus websites, permitindo uma navega\u00e7\u00e3o mais r\u00e1pida e eficiente, eliminando a necessidade de introduzir repetidamente as mesmas informa\u00e7\u00f5es.<\/p>\n<p><b>3. Que tipo de cookies existem?<\/b><\/p>\n<p>Existem dois grupos cookies que podem ser utilizados:<\/p>\n<ul>\n<li>Cookies permanentes: s\u00e3o cookies que ficam armazenados ao n\u00edvel do browser nos seus equipamentos de acesso (PC, telem\u00f3vel e <i>tablet<\/i>) e que s\u00e3o utilizados sempre que faz uma nova visita ao nosso website. S\u00e3o utilizados, geralmente, para direcionar a navega\u00e7\u00e3o aos interesses do utilizador, permitindo-nos prestar um servi\u00e7o mais personalizado.<\/li>\n<li>Cookies de sess\u00e3o: s\u00e3o cookies tempor\u00e1rios que permanecem no arquivo de cookies do seu navegador at\u00e9 sair do website, pelo que n\u00e3o fica qualquer registo no disco r\u00edgido do utilizador. A informa\u00e7\u00e3o obtida por estes cookies serve para analisar padr\u00f5es de tr\u00e1fego na web, permitindo-nos identificar problemas e fornecer uma melhor experiencia de navega\u00e7\u00e3o.<\/li>\n<\/ul>\n<p><b>4. Para que fins utilizamos cookies?<\/b><\/p>\n<p>O nosso website utiliza cookies para diversos fins. Alguns cookies s\u00e3o absolutamente necess\u00e1rios para navegar no website, usar os seus servi\u00e7os e executar as suas funcionalidades. Outros cookies n\u00e3o s\u00e3o essenciais, podendo ser utilizados para fins anal\u00edtico-estat\u00edsticos ou de marketing.<\/p>\n<p>Descrevem-se, de seguida, os fins dos cookies utilizados pelo nosso website:<\/p>\n<ul>\n<li>Cookies estritamente necess\u00e1rios: permitem que navegue no website e utilize as suas aplica\u00e7\u00f5es, bem como aceder a \u00e1reas seguras do website. Sem estes cookies, os servi\u00e7os que tenha requerido n\u00e3o podem ser prestados.<\/li>\n<li>Cookies anal\u00edticos: s\u00e3o utilizados anonimamente para efeitos de cria\u00e7\u00e3o e an\u00e1lise de estat\u00edsticas, no sentido de melhorar o funcionamento do website.<\/li>\n<li>Cookies de funcionalidade: guardam as prefer\u00eancias do utilizador relativamente \u00e0 utiliza\u00e7\u00e3o do website, para que n\u00e3o seja necess\u00e1rio voltar a configurar o website cada vez que o visita.<\/li>\n<li>Cookies de terceiros: medem o sucesso de aplica\u00e7\u00f5es e a efic\u00e1cia da publicidade de terceiros. Podem tamb\u00e9m ser utilizados no sentido de personalizar um widget com dados do utilizador.<\/li>\n<li>Cookies de publicidade: direcionam a publicidade em fun\u00e7\u00e3o dos interesses de cada utilizador, por forma a direcionar as campanhas publicit\u00e1rias tendo em conta os gostos dos utilizadores, sendo que, al\u00e9m disso, limitam a quantidade de vezes que v\u00ea o an\u00fancio, ajudando a medir a efic\u00e1cia da publicidade e o sucesso da organiza\u00e7\u00e3o do website.<\/li>\n<\/ul>\n<p><b>5. Como pode gerir os cookies?<\/b><\/p>\n<p>Todos os browsers permitem ao utilizador aceitar, recusar ou apagar cookies, nomeadamente atrav\u00e9s da sele\u00e7\u00e3o das defini\u00e7\u00f5es apropriadas no respetivo navegador. Pode configurar os cookies no menu &#8220;op\u00e7\u00f5es&#8221; ou &#8220;prefer\u00eancias&#8221; do seu browser. Note-se, no entanto, que, ao desativar cookies, pode impedir que alguns servi\u00e7os da web funcionem corretamente, afetando, parcial ou totalmente, a navega\u00e7\u00e3o no website.<\/p>\n<p>Para mais informa\u00e7\u00f5es sobre o modo como pode controlar os cookies armazenados no seu equipamento poder\u00e1 consultar os seguintes links dos principais navegadores e dispositivos:<span class=\"Apple-converted-space\">\u00a0<\/span><\/p>\n<ul>\n<li>Chrome: <a href=\"https:\/\/support.google.com\/chrome\/answer\/95647?hl=pt\">https:\/\/support.google.com\/chrome\/answer\/95647?hl=pt<\/a><\/li>\n<li>Firefox: <a href=\"https:\/\/support.mozilla.org\/pt-BR\/kb\/cookies-informacoes-armazenadas-por-sites-em-seu-c?redirectlocale=en-US&amp;redirectslug=Cookies\">https:\/\/support.mozilla.org\/pt-BR\/kb\/cookies-informacoes-armazenadas-por-sites-em-seu-c?redirectlocale=en-US&amp;redirectslug=Cookies<\/a><\/li>\n<li>Internet Explorer: https:\/\/support.microsoft.com\/en-us\/windows\/delete-and-manage-cookies-168dab11-0753-043d-7c16-ede5947fc64d<\/li>\n<li>Edge\u00a0: https:\/\/support.microsoft.com\/en-us\/microsoft-edge\/delete-cookies-in-microsoft-edge-63947406-40ac-c3b8-57b9-2a946a29ae09<\/li>\n<li>Safari: <a href=\"https:\/\/support.apple.com\/pt-pt\/HT201265\">https:\/\/support.apple.com\/pt-pt\/HT201265<\/a><\/li>\n<\/ul>\n<p><b>6. Qual a nossa responsabilidade?<\/b><\/p>\n<p>A Quinoa Padaria Biol\u00f3gica n\u00e3o garante, nem se responsabiliza pelos danos e preju\u00edzos, de qualquer natureza, e que resultem das seguintes circunst\u00e2ncias:<\/p>\n<ol>\n<li>Falta de funcionamento do site ou funcionamento incorrecto das p\u00e1ginas;<\/li>\n<li>Inutilidade, desadequa\u00e7\u00e3o ou invalidade dos servi\u00e7os e conte\u00fados oferecidos no site;<\/li>\n<li>Em resultados e expectativas do utilizador;<\/li>\n<li>Exist\u00eancia de v\u00edrus ou programas no computador do utilizador.<\/li>\n<\/ol>\n<p>Do mesmo modo, n\u00e3o ser\u00e1 respons\u00e1vel pelos cookies de terceiros que sejam utilizados no nosso website.<\/p>\n<p><b>7. Atualiza\u00e7\u00e3o da Pol\u00edtica de Cookies<\/b><\/p>\n<p>Reservamo-nos o direito de, a qualquer altura, proceder a reajustamentos ou atualiza\u00e7\u00f5es \u00e0 presente Pol\u00edtica de Cookies. Para estar sempre a par das regras aplic\u00e1veis relativas \u00e0 utiliza\u00e7\u00e3o de cookies, consulte o nosso website em <a href=\"https:\/\/quinoa.com.pt\/pt\/\">https:\/\/quinoa.com.pt\/pt\/<\/a>.<\/p>\n<p>A utiliza\u00e7\u00e3o do website ap\u00f3s estas altera\u00e7\u00f5es implica a aceita\u00e7\u00e3o da Pol\u00edtica de Cookies e futuras atualiza\u00e7\u00f5es.<\/p>\n<p><b>[Texto de Consentimento a disponibilizar no site da Quinoa]<\/b><\/p>\n<p>A Quinoa Padaria Biol\u00f3gica utiliza pequenos ficheiros de texto, denominados de cookies, para criar uma experi\u00eancia \u00f3ptima na navega\u00e7\u00e3o no nosso website. Ao pressionar \u201cAceitar\u201d est\u00e1 a consentir o alojamento de cookies do nosso website no seu computador ou dispositivo m\u00f3vel, tal como descrito na nossa Pol\u00edtica de Cookies.<\/p>\n","protected":false},"excerpt":{"rendered":"<p>Pol\u00edtica de Cookies O website https:\/\/quinoa.com.pt\/pt\/ (\u201cWebsite\u201d) da OBH ORGANIC BROTHERHOOD, LDA. (\u201cQuinoa Padaria Biol\u00f3gica\u201d), pessoa coletiva n\u00famero 513755861, com&#8230;<\/p>\n","protected":false},"author":1,"featured_media":0,"parent":0,"menu_order":0,"comment_status":"closed","ping_status":"closed","template":"","meta":{"spay_email":""},"jetpack_shortlink":"https:\/\/wp.me\/PdqkOz-q1","_links":{"self":[{"href":"https:\/\/quinoa.com.pt\/pt\/wp-json\/wp\/v2\/pages\/1613"}],"collection":[{"href":"https:\/\/quinoa.com.pt\/pt\/wp-json\/wp\/v2\/pages"}],"about":[{"href":"https:\/\/quinoa.com.pt\/pt\/wp-json\/wp\/v2\/types\/page"}],"author":[{"embeddable":true,"href":"https:\/\/quinoa.com.pt\/pt\/wp-json\/wp\/v2\/users\/1"}],"replies":[{"embeddable":true,"href":"https:\/\/quinoa.com.pt\/pt\/wp-json\/wp\/v2\/comments?post=1613"}],"version-history":[{"count":0,"href":"https:\/\/quinoa.com.pt\/pt\/wp-json\/wp\/v2\/pages\/1613\/revisions"}],"wp:attachment":[{"href":"https:\/\/quinoa.com.pt\/pt\/wp-json\/wp\/v2\/media?parent=1613"}],"curies":[{"name":"wp","href":"https:\/\/api.w.org\/{rel}","templated":true}]}}