{"id":3,"date":"2019-10-21T10:12:11","date_gmt":"2019-10-21T10:12:11","guid":{"rendered":"https:\/\/quinoa.com.pt\/pt\/?page_id=3"},"modified":"2020-11-26T22:27:01","modified_gmt":"2020-11-26T22:27:01","slug":"politica-de-privacidade","status":"publish","type":"page","link":"https:\/\/quinoa.com.pt\/pt\/politica-de-privacidade\/","title":{"rendered":"Politica de Privacidade"},"content":{"rendered":"\n<h2>Quem somos<\/h2>\n\n\n\n<p>A&nbsp;OBH ORGANIC BROTHERHOOD LDA \u00e0 frente designada \u201cQuinoa Padaria Biol\u00f3gica\u201d, pessoa coletiva n\u00famero 513755861, com sede na AVENIDA DAS AMENDOEIRAS LOTE 1 E 2 RINCHOA, \u00e9 considerada a respons\u00e1vel pelo tratamento de acordo com o Regulamento Geral de Prote\u00e7\u00e3o de Dados.<\/p>\n\n\n\n<p>O&nbsp;tratamento dos dados pessoais neste site est\u00e1 em conformidade com o Regulamento (EU) 2016\/679, de 27 de abril relativo \u00e0 prote\u00e7\u00e3o das pessoas singulares no que diz respeito ao tratamento de dados pessoais e \u00e0 livre circula\u00e7\u00e3o desses dados e que revoga a Diretiva 95\/46\/CE (Regulamento Geral de Prote\u00e7\u00e3o de Dados), assim como legisla\u00e7\u00e3o nacional de execu\u00e7\u00e3o pertinente.<\/p>\n\n\n\n<p><\/p>\n\n\n\n<h2><strong>Recolha e Tratamento de Dados Pessoais<\/strong><\/h2>\n\n\n\n<p>Os dados pessoais recolhidos para a utiliza\u00e7\u00e3o deste site s\u00e3o tratados da seguinte forma:<\/p>\n\n\n\n<ul><li><strong><em>Gest\u00e3o de clientes:<\/em><\/strong><\/li><\/ul>\n\n\n\n<p>\u201cQuinoa Padaria Biol\u00f3gica\u201d oferece ao utilizador a possibilidade de Encomendar os seus produtos de Padaria, atrav\u00e9s do nosso Website www.quinoa.com.pt\/<\/p>\n\n\n\n<p>Para que o cliente possa adquirir os servi\u00e7os dispon\u00edveis no nosso website n\u00e3o \u00e9 necess\u00e1rio o seu registo no site, simplesmente necessita preencher um formul\u00e1rio existente para o efeito. No ato de preenchimento do formul\u00e1rio o Cliente deve aceitar os Termos e Condi\u00e7\u00f5es do nosso website www.quinoa.com.pt\/<\/p>\n\n\n\n<p>\u201cQuinoa Padaria Biol\u00f3gica\u201d pode utilizar um servi\u00e7o subcontratado para gest\u00e3o de clientes para fins comerciais, nomeadamente softwares de gest\u00e3o e CRM.<\/p>\n\n\n\n<ul><li><strong><em>Marketing<\/em><\/strong><\/li><\/ul>\n\n\n\n<p>O&nbsp;email, o telefone ou o nome do utilizador \u00e9 recolhido para o envio da confirma\u00e7\u00e3o ou n\u00e3o da encomenda pretendida.<\/p>\n\n\n\n<p>O email poder\u00e1 ser utilizado no futuro para outras campanhas de marketing que poder\u00e3o ocorrer.<\/p>\n\n\n\n<p>O\u00a0consentimento \u00e9 prestado atrav\u00e9s de um processo de dupla verifica\u00e7\u00e3o, isto \u00e9, o titular de dados receber\u00e1 um email de confirma\u00e7\u00e3o aquando o registo e apenas atrav\u00e9s da verifica\u00e7\u00e3o os dados ser\u00e3o adicionados \u00e0 base de dados, enveredando assim todos os esfor\u00e7os de verifica\u00e7\u00e3o da identidade do utilizador. Se o titular quiser retirar o consentimento para rece\u00e7\u00e3o da Newsletter pode faz\u00ea-lo atrav\u00e9s do local indicado nas Newsletter ou atrav\u00e9s de um pedido para o\u00a0info@quinoa.com.pt<\/p>\n\n\n\n<ul><li><strong><em>Formul\u00e1rio de contacto<\/em><\/strong><\/li><\/ul>\n\n\n\n<p>O&nbsp;formul\u00e1rio de contacto dispon\u00edvel no site do \u201cQuinoa Padaria Biol\u00f3gica\u201d recolhe o nome, telefone e email e mensagem do utilizador. Os dados s\u00e3o automaticamente enviados para \u201cQuinoa Padaria Biol\u00f3gica\u201d que trata o pedido de forma manual. Estes dados s\u00e3o exclusivamente utilizados para contactos de resposta direta \u00e0 mensagem enviada. Os dados disponibilizados n\u00e3o ser\u00e3o inseridos em nenhuma base de dados sem que o seu titular expressamente o consinta.<\/p>\n\n\n\n<h3><strong>Conserva\u00e7\u00e3o dos Dados:<\/strong><\/h3>\n\n\n\n<p>Os dados pessoais recolhidos pela&nbsp;\u201cQuinoa Padaria Biol\u00f3gica\u201d, ser\u00e3o conservados, tomando as medidas t\u00e9cnicas e organizativas consideradas necess\u00e1rias para a sua seguran\u00e7a, durante o per\u00edodo legal necess\u00e1rio e\/ou durante o per\u00edodo em que a finalidade para a qual forem recolhidas ainda vigorar.<\/p>\n\n\n\n<h3><strong>Direitos dos titulares de dados pessoais<\/strong><\/h3>\n\n\n\n<p>S\u00e3o considerados titulares de dados pessoais, todas as pessoas singulares que possam ser identificadas ou identific\u00e1veis por qualquer informa\u00e7\u00e3o, independentemente da sua natureza ou suporte. \u00c9 identific\u00e1vel uma pessoa da qual se possa obter a sua identidade atrav\u00e9s da an\u00e1lise de um ou mais dados.<\/p>\n\n\n\n<p>O&nbsp;titular de dados pessoais tem os seguintes direitos:<\/p>\n\n\n\n<ul><li><strong>Direito a solicitar o acesso aos seus dados pessoais<\/strong><\/li><\/ul>\n\n\n\n<p>O direito de acesso permite ao titular saber se os seus dados est\u00e3o ou n\u00e3o a ser tratados e em caso afirmativo, obter informa\u00e7\u00f5es como, por exemplo, os fins de tratamento, as categorias dos dados que s\u00e3o tratados, os destinat\u00e1rios aos quais foram ou ser\u00e3o comunicados, o prazo previsto da conserva\u00e7\u00e3o dos dados pessoais ou, caso n\u00e3o seja poss\u00edvel, os crit\u00e9rios utilizados para determinar este prazo.<\/p>\n\n\n\n<ul><li><strong>Direito de retifica\u00e7\u00e3o<\/strong><\/li><\/ul>\n\n\n\n<p>O&nbsp;titular dos dados pessoais tem o direito de obter do \u201cQuinoa Padaria Biol\u00f3gica\u201d, sem demora injustificada, a retifica\u00e7\u00e3o dos dados inexatos ou incompletos que lhe digam respeito.<\/p>\n\n\n\n<ul><li><strong>Direito \u00e0 limita\u00e7\u00e3o do seu tratamento<\/strong><\/li><\/ul>\n\n\n\n<p>O&nbsp;direito \u00e0 limita\u00e7\u00e3o do tratamento permite-lhe solicitar a restri\u00e7\u00e3o do tratamento dos seus dados pessoais. Este direito apenas pode ser exercido em determinadas situa\u00e7\u00f5es, taxativamente elencadas no Regulamento Geral de Prote\u00e7\u00e3o de Dados, a saber:<\/p>\n\n\n\n<ul><li>Quando tenha contestado a exatid\u00e3o dos seus dados pessoais, durante o prazo que permita ao \u201cQuinoa Padaria Biol\u00f3gica\u201d verificar a exatid\u00e3o dos mesmos;<\/li><li>Quando considere que o tratamento \u00e9 il\u00edcito e o titular de dados se tenha oposto \u00e0 elimina\u00e7\u00e3o dos dados pessoais e solicita, em alternativa, a limita\u00e7\u00e3o do tratamento;<\/li><li>Quando \u201cQuinoa Padaria Biol\u00f3gica\u201d j\u00e1 n\u00e3o necessita dos dados pessoais para os fins do tratamento, mas para si sejam necess\u00e1rios para o exerc\u00edcio ou a defesa de reclama\u00e7\u00f5es e\/ou exerc\u00edcio de outros direitos.<\/li><li>Quando o titular dos dados exerceu o seu direito \u00e0 oposi\u00e7\u00e3o, at\u00e9 se verificar que os interesses leg\u00edtimos do \u201cQuinoa Padaria Biol\u00f3gica\u201d prevalecem sobre os do titular dos dados.<\/li><li>Direito \u00e0 portabilidade dos dados<\/li><\/ul>\n\n\n\n<p>O&nbsp;direito \u00e0 portabilidade permite-lhe solicitar a\u2019 \u201cQuinoa Padaria Biol\u00f3gica\u201d que os seus dados pessoais sejam transferidos para si ou para outro respons\u00e1vel pelo tratamento. Este direito apenas pode ser exercido quando \u201cQuinoa Padaria Biol\u00f3gica\u201d trata os seus dados com base no seu consentimento espec\u00edfico ou com base num contrato e quando o tratamento seja realizado atrav\u00e9s de meios automatizados. \u201cQuinoa Padaria Biol\u00f3gica\u201d providenciar\u00e1 os dados num formato estruturado, de uso corrente e de leitura autom\u00e1tica.<\/p>\n\n\n\n<ul><li><strong>Direito ao apagamento e\/ou a ser esquecido<\/strong><\/li><\/ul>\n\n\n\n<p>O&nbsp;direito ao apagamento, ou direito a ser esquecido, permite-lhe que, em determinadas situa\u00e7\u00f5es, possa exigir que os seus dados sejam eliminados. Este direito apenas poder\u00e1 ser exercido quando cumpra a situa\u00e7\u00e3o se enquadrar numa das seguintes:<\/p>\n\n\n\n<ul><li>Quando os dados deixem de ser necess\u00e1rios para a finalidade;<\/li><li>Quando seja retirado o consentimento e o tratamento n\u00e3o tenha por base outra fonte de licitude;<\/li><li>Quando o titular dos dados exercer o direito de oposi\u00e7\u00e3o e n\u00e3o existirem interesses leg\u00edtimos do \u201dQuinoa Padaria Biol\u00f3gica\u201d prevalecentes que justifiquem o tratamento;<\/li><li>Quando o tratamento dos dados seja il\u00edcito;<\/li><li>Quando os dados t\u00eam que ser apagados para o cumprimento de obriga\u00e7\u00e3o jur\u00eddica decorrente do Direito da Uni\u00e3o Europeia ou do Direito Portugu\u00eas.<\/li><li>Direito a opor-se ao tratamento<\/li><\/ul>\n\n\n\n<p>O&nbsp;direito \u00e0 oposi\u00e7\u00e3o permite ao titular opor-se ao tratamento dos dados levado a cabo pela \u201dQuinoa Padaria Biol\u00f3gica\u201d quando este tenha por base os interesses leg\u00edtimos prosseguidos pela \u201cQuinoa Padaria Biol\u00f3gica\u201d, ou quando o tratamento de dados for efetuado para efeitos de marketing direto.<\/p>\n\n\n\n<ul><li><strong>Direito de retirar o consentimento<\/strong><\/li><\/ul>\n\n\n\n<p>Sempre que o tratamento de dados tenha por base o consentimento, o titular de dados tem direito de retirar o mesmo a qualquer momento. A licitude do tratamento efetuado at\u00e9 \u00e0 retirado do consentimento permanece com base no consentimento previamente dado. O consentimento pode ser retirado atrav\u00e9s dos mesmos meios pelos quais foi transmitido.<\/p>\n\n\n\n<h3><strong>Exerc\u00edcio de Direitos<\/strong><\/h3>\n\n\n\n<p>Todos os direitos enunciados poder\u00e3o ser exercidos de forma gratuita para o e-mail opaobombarral@gmail.com&nbsp;ou atrav\u00e9s do formul\u00e1rio dispon\u00edvel online.<\/p>\n\n\n\n<p>O&nbsp;titular de dados tem o direito de reclamar junto da autoridade de controlo: Comiss\u00e3o Nacional de Prote\u00e7\u00e3o de Dados &#8211; Av. D. Carlos I, 134 &#8211; 1.\u00ba, 1200-651 Lisboa &#8211; Tel: +351 213928400 &#8211; Fax: +351 213976832 &#8211; e-mail:&nbsp;<a href=\"mailto:geral@cnpd.pt\">geral@cnpd.pt<\/a>.<\/p>\n\n\n\n<h3><strong>Links externos<\/strong><\/h3>\n\n\n\n<p>O&nbsp;site, microsites e plataformas sociais do \u201cQuinoa Padaria Biol\u00f3gica\u201d&nbsp;podem conter links para outros sites e endere\u00e7os de e-mail de empresas externas \u00e0&nbsp;OBH ORGANIC BROTHERHOOD LDA<\/p>\n\n\n\n<p>A presente pol\u00edtica de privacidade n\u00e3o se aplica a esses sites e endere\u00e7os de e-mail.<\/p>\n\n\n\n<p>Se o Utilizador aceder a um link dispon\u00edvel no site, microsites e plataformas sociais do \u201cQuinoa Padaria Biol\u00f3gica\u201d&nbsp;para outro site e fornecer dados pessoais nesse site, o processamento dos dados estar\u00e1 sujeito \u00e0 declara\u00e7\u00e3o de privacidade desse site.<\/p>\n\n\n\n<p><\/p>\n\n\n\n<h2><strong>Altera\u00e7\u00f5es \u00e0 Pol\u00edtica de Privacidade<\/strong><\/h2>\n\n\n\n<p>\u201cQuinoa Padaria Biol\u00f3gica\u201d reserva-se o direito de, a qualquer altura, proceder a reajustamentos ou altera\u00e7\u00f5es \u00e0 presente Pol\u00edtica de Privacidade, sendo essas altera\u00e7\u00f5es devidamente publicitadas neste site.<\/p>\n\n\n\n<p>\u00a9&nbsp;2020 Quinoa Padaria Biol\u00f3gica<\/p>\n","protected":false},"excerpt":{"rendered":"<p>Quem somos A&nbsp;OBH ORGANIC BROTHERHOOD LDA \u00e0 frente designada \u201cQuinoa Padaria Biol\u00f3gica\u201d, pessoa coletiva n\u00famero 513755861, com sede na AVENIDA&#8230;<\/p>\n","protected":false},"author":1,"featured_media":0,"parent":0,"menu_order":0,"comment_status":"closed","ping_status":"closed","template":"","meta":{"spay_email":""},"jetpack_shortlink":"https:\/\/wp.me\/PdqkOz-3","_links":{"self":[{"href":"https:\/\/quinoa.com.pt\/pt\/wp-json\/wp\/v2\/pages\/3"}],"collection":[{"href":"https:\/\/quinoa.com.pt\/pt\/wp-json\/wp\/v2\/pages"}],"about":[{"href":"https:\/\/quinoa.com.pt\/pt\/wp-json\/wp\/v2\/types\/page"}],"author":[{"embeddable":true,"href":"https:\/\/quinoa.com.pt\/pt\/wp-json\/wp\/v2\/users\/1"}],"replies":[{"embeddable":true,"href":"https:\/\/quinoa.com.pt\/pt\/wp-json\/wp\/v2\/comments?post=3"}],"version-history":[{"count":0,"href":"https:\/\/quinoa.com.pt\/pt\/wp-json\/wp\/v2\/pages\/3\/revisions"}],"wp:attachment":[{"href":"https:\/\/quinoa.com.pt\/pt\/wp-json\/wp\/v2\/media?parent=3"}],"curies":[{"name":"wp","href":"https:\/\/api.w.org\/{rel}","templated":true}]}}